{"id":516,"date":"2020-10-20T11:18:36","date_gmt":"2020-10-20T09:18:36","guid":{"rendered":"http:\/\/atelierlajosse.fr\/?page_id=516"},"modified":"2022-02-21T11:08:49","modified_gmt":"2022-02-21T10:08:49","slug":"les-reparations","status":"publish","type":"page","link":"https:\/\/atelierlajosse.fr\/?page_id=516","title":{"rendered":"R\u00e9parations\/restaurations"},"content":{"rendered":"\n<p>L\u2019Atelier Lajosse, c\u2019est aussi LE lieu \u00e0 Nantes o\u00f9 l\u2019on peut faire r\u00e9parer ou restaurer ses articles en cuir ab\u00eem\u00e9s par les outrages du temps\u00a0: sacs anciens, sacoches, cartables, ceintures, blousons pr\u00e9cieux&#8230;<br><\/p>\n\n\n\n<p>Remplacements de fermetures \u00e0 glissi\u00e8re, d\u00e9chirures, ajouts de bandouli\u00e8res et de poign\u00e9es, doublures, entretien g\u00e9n\u00e9ral, transformations diverses&#8230; dans la mesure du possible\u00a0!<\/p>\n\n\n\n<p><\/p>\n\n\n\n<div style=\"height:20px\" aria-hidden=\"true\" class=\"wp-block-spacer\"><\/div>\n\n\n\n<div class=\"wp-block-media-text alignwide is-stacked-on-mobile\"><figure class=\"wp-block-media-text__media\"><img loading=\"lazy\" width=\"889\" height=\"600\" src=\"http:\/\/atelierlajosse.fr\/wp-content\/uploads\/2022\/01\/boite-chapeau-avant-apres.png\" alt=\"\" class=\"wp-image-878 size-full\" srcset=\"https:\/\/atelierlajosse.fr\/wp-content\/uploads\/2022\/01\/boite-chapeau-avant-apres.png 889w, https:\/\/atelierlajosse.fr\/wp-content\/uploads\/2022\/01\/boite-chapeau-avant-apres-300x202.png 300w, https:\/\/atelierlajosse.fr\/wp-content\/uploads\/2022\/01\/boite-chapeau-avant-apres-768x518.png 768w\" sizes=\"(max-width: 889px) 100vw, 889px\" \/><\/figure><div class=\"wp-block-media-text__content\">\n<p class=\"has-large-font-size\"><a href=\"http:\/\/atelierlajosse.fr\/?p=1005\">La bo\u00eete \u00e0 chapeau<\/a><\/p>\n<\/div><\/div>\n\n\n\n<div class=\"wp-block-media-text alignwide has-media-on-the-right is-stacked-on-mobile\"><figure class=\"wp-block-media-text__media\"><img loading=\"lazy\" width=\"1024\" height=\"768\" src=\"http:\/\/atelierlajosse.fr\/wp-content\/uploads\/2020\/10\/APRES-1-1024x768.jpg\" alt=\"\" class=\"wp-image-514 size-full\" srcset=\"https:\/\/atelierlajosse.fr\/wp-content\/uploads\/2020\/10\/APRES-1-1024x768.jpg 1024w, https:\/\/atelierlajosse.fr\/wp-content\/uploads\/2020\/10\/APRES-1-300x225.jpg 300w, https:\/\/atelierlajosse.fr\/wp-content\/uploads\/2020\/10\/APRES-1-768x576.jpg 768w, https:\/\/atelierlajosse.fr\/wp-content\/uploads\/2020\/10\/APRES-1-1536x1152.jpg 1536w, https:\/\/atelierlajosse.fr\/wp-content\/uploads\/2020\/10\/APRES-1-2048x1536.jpg 2048w\" sizes=\"(max-width: 1024px) 100vw, 1024px\" \/><\/figure><div class=\"wp-block-media-text__content\">\n<p class=\"has-large-font-size\"><a href=\"http:\/\/atelierlajosse.fr\/?p=1010\">La sacoche de facteur<\/a><\/p>\n<\/div><\/div>\n\n\n\n<div class=\"wp-block-media-text alignwide is-stacked-on-mobile\"><figure class=\"wp-block-media-text__media\"><img loading=\"lazy\" width=\"1024\" height=\"768\" src=\"http:\/\/atelierlajosse.fr\/wp-content\/uploads\/2020\/12\/129862147_2662267004083451_3757860098093422568_o-1024x768.jpg\" alt=\"\" class=\"wp-image-797 size-full\" srcset=\"https:\/\/atelierlajosse.fr\/wp-content\/uploads\/2020\/12\/129862147_2662267004083451_3757860098093422568_o-1024x768.jpg 1024w, https:\/\/atelierlajosse.fr\/wp-content\/uploads\/2020\/12\/129862147_2662267004083451_3757860098093422568_o-300x225.jpg 300w, https:\/\/atelierlajosse.fr\/wp-content\/uploads\/2020\/12\/129862147_2662267004083451_3757860098093422568_o-768x576.jpg 768w, https:\/\/atelierlajosse.fr\/wp-content\/uploads\/2020\/12\/129862147_2662267004083451_3757860098093422568_o-1536x1152.jpg 1536w, https:\/\/atelierlajosse.fr\/wp-content\/uploads\/2020\/12\/129862147_2662267004083451_3757860098093422568_o.jpg 2048w\" sizes=\"(max-width: 1024px) 100vw, 1024px\" \/><\/figure><div class=\"wp-block-media-text__content\">\n<p class=\"has-large-font-size\"><a href=\"http:\/\/atelierlajosse.fr\/?p=1012\">Le sac en croco<\/a><\/p>\n<\/div><\/div>\n\n\n\n<div class=\"wp-block-media-text alignwide has-media-on-the-right is-stacked-on-mobile\"><figure class=\"wp-block-media-text__media\"><img loading=\"lazy\" width=\"302\" height=\"403\" src=\"http:\/\/atelierlajosse.fr\/wp-content\/uploads\/2022\/02\/transformation-sac-3.jpg\" alt=\"\" class=\"wp-image-918 size-full\" srcset=\"https:\/\/atelierlajosse.fr\/wp-content\/uploads\/2022\/02\/transformation-sac-3.jpg 302w, https:\/\/atelierlajosse.fr\/wp-content\/uploads\/2022\/02\/transformation-sac-3-225x300.jpg 225w\" sizes=\"(max-width: 302px) 100vw, 302px\" \/><\/figure><div class=\"wp-block-media-text__content\">\n<p class=\"has-large-font-size\"><a href=\"http:\/\/atelierlajosse.fr\/?p=1014\">Le sac d&rsquo;Abiratou<\/a><\/p>\n<\/div><\/div>\n\n\n\n<div class=\"wp-block-media-text alignwide is-stacked-on-mobile\"><figure class=\"wp-block-media-text__media\"><img loading=\"lazy\" width=\"537\" height=\"403\" src=\"http:\/\/atelierlajosse.fr\/wp-content\/uploads\/2022\/02\/commande-speciale-2.jpg\" alt=\"\" class=\"wp-image-943 size-full\" srcset=\"https:\/\/atelierlajosse.fr\/wp-content\/uploads\/2022\/02\/commande-speciale-2.jpg 537w, https:\/\/atelierlajosse.fr\/wp-content\/uploads\/2022\/02\/commande-speciale-2-300x225.jpg 300w\" sizes=\"(max-width: 537px) 100vw, 537px\" \/><\/figure><div class=\"wp-block-media-text__content\">\n<p class=\"has-large-font-size\"><a href=\"http:\/\/atelierlajosse.fr\/?p=1016\">Commande sp\u00e9ciale<\/a><\/p>\n<\/div><\/div>\n\n\n\n<div style=\"height:20px\" aria-hidden=\"true\" class=\"wp-block-spacer\"><\/div>\n\n\n\n<h2>Ils ont dit&#8230;<\/h2>\n\n\n\n<p>Youenn Landreau <a href=\"https:\/\/www.facebook.com\/youenn.landreau\/posts\/4817892848278360\" target=\"_blank\" rel=\"noreferrer noopener\">\u00e0 propos de la restauration du portefeuille de son arri\u00e8re-grand-p\u00e8re.<\/a><\/p>\n\n\n\n<div style=\"height:20px\" aria-hidden=\"true\" class=\"wp-block-spacer\"><\/div>\n\n\n\n<div style=\"height:20px\" aria-hidden=\"true\" class=\"wp-block-spacer\"><\/div>\n\n\n\n<div style=\"height:20px\" aria-hidden=\"true\" class=\"wp-block-spacer\"><\/div>\n\n\n\n<div style=\"height:20px\" aria-hidden=\"true\" class=\"wp-block-spacer\"><\/div>\n","protected":false},"excerpt":{"rendered":"<p>L\u2019Atelier Lajosse, c\u2019est aussi LE lieu \u00e0 Nantes o\u00f9 l\u2019on peut faire r\u00e9parer ou restaurer ses articles en cuir ab\u00eem\u00e9s par les outrages du temps\u00a0: sacs anciens, sacoches, cartables, ceintures, blousons pr\u00e9cieux&#8230; Remplacements de fermetures \u00e0 glissi\u00e8re, d\u00e9chirures, ajouts de bandouli\u00e8res et de poign\u00e9es, doublures, entretien g\u00e9n\u00e9ral, transformations diverses&#8230; dans la mesure du possible\u00a0! La [&hellip;]<\/p>\n","protected":false},"author":1,"featured_media":878,"parent":0,"menu_order":0,"comment_status":"closed","ping_status":"closed","template":"","meta":[],"yoast_head":"<!-- This site is optimized with the Yoast SEO plugin v15.1.1 - https:\/\/yoast.com\/wordpress\/plugins\/seo\/ -->\n<title>R\u00e9parations\/restaurations &ndash; Atelier Lajosse - artisan maroquinier \u00e0 Nantes<\/title>\n<meta name=\"robots\" content=\"index, follow, max-snippet:-1, max-image-preview:large, max-video-preview:-1\" \/>\n<link rel=\"canonical\" href=\"https:\/\/atelierlajosse.fr\/?page_id=516\" \/>\n<meta property=\"og:locale\" content=\"fr_FR\" \/>\n<meta property=\"og:type\" content=\"article\" \/>\n<meta property=\"og:title\" content=\"R\u00e9parations\/restaurations &ndash; Atelier Lajosse - artisan maroquinier \u00e0 Nantes\" \/>\n<meta property=\"og:description\" content=\"L\u2019Atelier Lajosse, c\u2019est aussi LE lieu \u00e0 Nantes o\u00f9 l\u2019on peut faire r\u00e9parer ou restaurer ses articles en cuir ab\u00eem\u00e9s par les outrages du temps\u00a0: sacs anciens, sacoches, cartables, ceintures, blousons pr\u00e9cieux&#8230; Remplacements de fermetures \u00e0 glissi\u00e8re, d\u00e9chirures, ajouts de bandouli\u00e8res et de poign\u00e9es, doublures, entretien g\u00e9n\u00e9ral, transformations diverses&#8230; dans la mesure du possible\u00a0! La [&hellip;]\" \/>\n<meta property=\"og:url\" content=\"https:\/\/atelierlajosse.fr\/?page_id=516\" \/>\n<meta property=\"og:site_name\" content=\"Atelier Lajosse - artisan maroquinier \u00e0 Nantes\" \/>\n<meta property=\"article:modified_time\" content=\"2022-02-21T10:08:49+00:00\" \/>\n<meta property=\"og:image\" content=\"https:\/\/atelierlajosse.fr\/wp-content\/uploads\/2022\/01\/boite-chapeau-avant-apres.png\" \/>\n\t<meta property=\"og:image:width\" content=\"889\" \/>\n\t<meta property=\"og:image:height\" content=\"600\" \/>\n<meta name=\"twitter:card\" content=\"summary_large_image\" \/>\n<script type=\"application\/ld+json\" class=\"yoast-schema-graph\">{\"@context\":\"https:\/\/schema.org\",\"@graph\":[{\"@type\":\"Organization\",\"@id\":\"https:\/\/atelierlajosse.fr\/#organization\",\"name\":\"Atelier Lajosse\",\"url\":\"https:\/\/atelierlajosse.fr\/\",\"sameAs\":[],\"logo\":{\"@type\":\"ImageObject\",\"@id\":\"https:\/\/atelierlajosse.fr\/#logo\",\"inLanguage\":\"fr-FR\",\"url\":\"https:\/\/atelierlajosse.fr\/wp-content\/uploads\/2020\/11\/logopetit.jpg\",\"width\":283,\"height\":283,\"caption\":\"Atelier Lajosse\"},\"image\":{\"@id\":\"https:\/\/atelierlajosse.fr\/#logo\"}},{\"@type\":\"WebSite\",\"@id\":\"https:\/\/atelierlajosse.fr\/#website\",\"url\":\"https:\/\/atelierlajosse.fr\/\",\"name\":\"Atelier Lajosse - artisan maroquinier \\u00e0 Nantes\",\"description\":\"Si tu roules ta bosse, va chez Lajosse !\",\"publisher\":{\"@id\":\"https:\/\/atelierlajosse.fr\/#organization\"},\"potentialAction\":[{\"@type\":\"SearchAction\",\"target\":\"https:\/\/atelierlajosse.fr\/?s={search_term_string}\",\"query-input\":\"required name=search_term_string\"}],\"inLanguage\":\"fr-FR\"},{\"@type\":\"ImageObject\",\"@id\":\"https:\/\/atelierlajosse.fr\/?page_id=516#primaryimage\",\"inLanguage\":\"fr-FR\",\"url\":\"https:\/\/atelierlajosse.fr\/wp-content\/uploads\/2022\/01\/boite-chapeau-avant-apres.png\",\"width\":889,\"height\":600},{\"@type\":\"WebPage\",\"@id\":\"https:\/\/atelierlajosse.fr\/?page_id=516#webpage\",\"url\":\"https:\/\/atelierlajosse.fr\/?page_id=516\",\"name\":\"R\\u00e9parations\/restaurations &ndash; Atelier Lajosse - artisan maroquinier \\u00e0 Nantes\",\"isPartOf\":{\"@id\":\"https:\/\/atelierlajosse.fr\/#website\"},\"primaryImageOfPage\":{\"@id\":\"https:\/\/atelierlajosse.fr\/?page_id=516#primaryimage\"},\"datePublished\":\"2020-10-20T09:18:36+00:00\",\"dateModified\":\"2022-02-21T10:08:49+00:00\",\"inLanguage\":\"fr-FR\",\"potentialAction\":[{\"@type\":\"ReadAction\",\"target\":[\"https:\/\/atelierlajosse.fr\/?page_id=516\"]}]}]}<\/script>\n<!-- \/ Yoast SEO plugin. -->","_links":{"self":[{"href":"https:\/\/atelierlajosse.fr\/index.php?rest_route=\/wp\/v2\/pages\/516"}],"collection":[{"href":"https:\/\/atelierlajosse.fr\/index.php?rest_route=\/wp\/v2\/pages"}],"about":[{"href":"https:\/\/atelierlajosse.fr\/index.php?rest_route=\/wp\/v2\/types\/page"}],"author":[{"embeddable":true,"href":"https:\/\/atelierlajosse.fr\/index.php?rest_route=\/wp\/v2\/users\/1"}],"replies":[{"embeddable":true,"href":"https:\/\/atelierlajosse.fr\/index.php?rest_route=%2Fwp%2Fv2%2Fcomments&post=516"}],"version-history":[{"count":17,"href":"https:\/\/atelierlajosse.fr\/index.php?rest_route=\/wp\/v2\/pages\/516\/revisions"}],"predecessor-version":[{"id":1029,"href":"https:\/\/atelierlajosse.fr\/index.php?rest_route=\/wp\/v2\/pages\/516\/revisions\/1029"}],"wp:featuredmedia":[{"embeddable":true,"href":"https:\/\/atelierlajosse.fr\/index.php?rest_route=\/wp\/v2\/media\/878"}],"wp:attachment":[{"href":"https:\/\/atelierlajosse.fr\/index.php?rest_route=%2Fwp%2Fv2%2Fmedia&parent=516"}],"curies":[{"name":"wp","href":"https:\/\/api.w.org\/{rel}","templated":true}]}}