{"id":489,"date":"2020-10-19T14:19:20","date_gmt":"2020-10-19T12:19:20","guid":{"rendered":"http:\/\/atelierlajosse.fr\/?page_id=489"},"modified":"2020-10-29T13:33:59","modified_gmt":"2020-10-29T12:33:59","slug":"mentions-legales","status":"publish","type":"page","link":"https:\/\/atelierlajosse.fr\/?page_id=489","title":{"rendered":"Mentions l\u00e9gales"},"content":{"rendered":"\n<p>Le site atelier.lajosse.fr a pour objet la pr\u00e9sentation des produits de l\u2019entreprise Atelier Lajosse situ\u00e9e au 19, rue Francis Leray 44000 Nantes.<br>La microentreprise Atelier Lajosse, repr\u00e9sent\u00e9e par M. Jocelyn Verbraeken en qualit\u00e9 d&rsquo;exploitant individuel, est inscrite \u00e0 la Chambre des m\u00e9tiers et de l&rsquo;artisanat sous le num\u00e9ro\u00a0 <strong>838.087.542 RM 44<\/strong><br>L\u2019achat d\u2019un produit via ce site engage le client \u00e0 l\u2019acceptation des <a data-type=\"page\" data-id=\"483\" href=\"http:\/\/atelierlajosse.fr\/?page_id=483\">conditions g\u00e9n\u00e9rales de vente<\/a> de ce m\u00eame site.<br>En cons\u00e9quence, les conditions g\u00e9n\u00e9rales de vente ne n\u00e9cessitent\u00a0 pas la signature manuscrite du client.<\/p>\n\n\n\n<h3>Protection des donn\u00e9es personnelles<\/h3>\n\n\n\n<p>Les donn\u00e9es personnelles collect\u00e9es sur ce site sont exclusivement destin\u00e9es \u00e0 l&rsquo;Atelier Lajosse. L\u2019utilisation de ces informations est strictement limit\u00e9e \u00e0 des fins de gestion administrative et commerciale.<\/p>\n\n\n\n<p>Les internautes sont inform\u00e9s qu\u2019ils disposent d\u2019un droit d\u2019acc\u00e8s, de modification, de suppression et d\u2019opposition sur les donn\u00e9es qui les concernent, conform\u00e9ment \u00e0 la loi Informatique et libert\u00e9s du 6 janvier 1978 modifi\u00e9e.<\/p>\n\n\n\n<p>Ces droits peuvent \u00eatre exerc\u00e9s sur simple courrier adress\u00e9 \u00e0 L&rsquo;Atelier Lajosse, La Poudrerie, 19, rue Francis Leray, 44000 Nantes<\/p>\n\n\n\n<p>Conform\u00e9ment au d\u00e9cret n\u00b02007-451 du 25 mars 2007, le traitement de la demande est subordonn\u00e9 \u00e0 la production pr\u00e9alable de la copie d\u2019une pi\u00e8ce d\u2019identit\u00e9 en cours de validit\u00e9.<\/p>\n\n\n\n<h3>Propri\u00e9t\u00e9 intellectuelle<\/h3>\n\n\n\n<p>L&rsquo;Atelier Lajosse avise les utilisateurs de ce site que les \u00e9l\u00e9ments de ce site<\/p>\n\n\n\n<ul><li>sont prot\u00e9g\u00e9s par la l\u00e9gislation fran\u00e7aise sur les droits d\u2019auteur,<\/li><li>sont prot\u00e9g\u00e9s par la l\u00e9gislation sur les marques.<\/li><\/ul>\n\n\n\n<p>\u00c0 ce titre, toute reproduction, repr\u00e9sentation, utilisation, adaptation, modification, incorporation, traduction, commercialisation partielles ou int\u00e9grales, de quelque mani\u00e8re, sous quelque forme, par quelque proc\u00e9d\u00e9 et sur quelque support que ce soit (papier, num\u00e9rique\u2026) sont interdites, sans l\u2019autorisation \u00e9crite pr\u00e9alable des propri\u00e9taires du pr\u00e9sent site internet, hormis les exceptions l\u00e9galement admises par le code de la propri\u00e9t\u00e9 intellectuelle, sous peine de contrefa\u00e7on susceptible d\u2019entra\u00eener une peine d\u2019emprisonnement et une amende substantielle.<\/p>\n\n\n\n<p>Tous les droits de reproduction sont r\u00e9serv\u00e9s, y compris pour les documents t\u00e9l\u00e9chargeables et les repr\u00e9sentations iconographiques et photographiques.<\/p>\n\n\n\n<h3>Droit applicable<\/h3>\n\n\n\n<p>Le pr\u00e9sent site internet et les pr\u00e9sentes mentions l\u00e9gales sont soumis au droit fran\u00e7ais.<\/p>\n","protected":false},"excerpt":{"rendered":"<p>Le site atelier.lajosse.fr a pour objet la pr\u00e9sentation des produits de l\u2019entreprise Atelier Lajosse situ\u00e9e au 19, rue Francis Leray 44000 Nantes.La microentreprise Atelier Lajosse, repr\u00e9sent\u00e9e par M. Jocelyn Verbraeken en qualit\u00e9 d&rsquo;exploitant individuel, est inscrite \u00e0 la Chambre des m\u00e9tiers et de l&rsquo;artisanat sous le num\u00e9ro\u00a0 838.087.542 RM 44L\u2019achat d\u2019un produit via ce site [&hellip;]<\/p>\n","protected":false},"author":1,"featured_media":0,"parent":0,"menu_order":0,"comment_status":"closed","ping_status":"closed","template":"","meta":[],"yoast_head":"<!-- This site is optimized with the Yoast SEO plugin v15.1.1 - https:\/\/yoast.com\/wordpress\/plugins\/seo\/ -->\n<title>Mentions l\u00e9gales &ndash; Atelier Lajosse - artisan maroquinier \u00e0 Nantes<\/title>\n<meta name=\"robots\" content=\"index, follow, max-snippet:-1, max-image-preview:large, max-video-preview:-1\" \/>\n<link rel=\"canonical\" href=\"https:\/\/atelierlajosse.fr\/?page_id=489\" \/>\n<meta property=\"og:locale\" content=\"fr_FR\" \/>\n<meta property=\"og:type\" content=\"article\" \/>\n<meta property=\"og:title\" content=\"Mentions l\u00e9gales &ndash; Atelier Lajosse - artisan maroquinier \u00e0 Nantes\" \/>\n<meta property=\"og:description\" content=\"Le site atelier.lajosse.fr a pour objet la pr\u00e9sentation des produits de l\u2019entreprise Atelier Lajosse situ\u00e9e au 19, rue Francis Leray 44000 Nantes.La microentreprise Atelier Lajosse, repr\u00e9sent\u00e9e par M. Jocelyn Verbraeken en qualit\u00e9 d&rsquo;exploitant individuel, est inscrite \u00e0 la Chambre des m\u00e9tiers et de l&rsquo;artisanat sous le num\u00e9ro\u00a0 838.087.542 RM 44L\u2019achat d\u2019un produit via ce site [&hellip;]\" \/>\n<meta property=\"og:url\" content=\"https:\/\/atelierlajosse.fr\/?page_id=489\" \/>\n<meta property=\"og:site_name\" content=\"Atelier Lajosse - artisan maroquinier \u00e0 Nantes\" \/>\n<meta property=\"article:modified_time\" content=\"2020-10-29T12:33:59+00:00\" \/>\n<meta name=\"twitter:card\" content=\"summary_large_image\" \/>\n<script type=\"application\/ld+json\" class=\"yoast-schema-graph\">{\"@context\":\"https:\/\/schema.org\",\"@graph\":[{\"@type\":\"Organization\",\"@id\":\"https:\/\/atelierlajosse.fr\/#organization\",\"name\":\"Atelier Lajosse\",\"url\":\"https:\/\/atelierlajosse.fr\/\",\"sameAs\":[],\"logo\":{\"@type\":\"ImageObject\",\"@id\":\"https:\/\/atelierlajosse.fr\/#logo\",\"inLanguage\":\"fr-FR\",\"url\":\"https:\/\/atelierlajosse.fr\/wp-content\/uploads\/2020\/11\/logopetit.jpg\",\"width\":283,\"height\":283,\"caption\":\"Atelier Lajosse\"},\"image\":{\"@id\":\"https:\/\/atelierlajosse.fr\/#logo\"}},{\"@type\":\"WebSite\",\"@id\":\"https:\/\/atelierlajosse.fr\/#website\",\"url\":\"https:\/\/atelierlajosse.fr\/\",\"name\":\"Atelier Lajosse - artisan maroquinier \\u00e0 Nantes\",\"description\":\"Si tu roules ta bosse, va chez Lajosse !\",\"publisher\":{\"@id\":\"https:\/\/atelierlajosse.fr\/#organization\"},\"potentialAction\":[{\"@type\":\"SearchAction\",\"target\":\"https:\/\/atelierlajosse.fr\/?s={search_term_string}\",\"query-input\":\"required name=search_term_string\"}],\"inLanguage\":\"fr-FR\"},{\"@type\":\"WebPage\",\"@id\":\"https:\/\/atelierlajosse.fr\/?page_id=489#webpage\",\"url\":\"https:\/\/atelierlajosse.fr\/?page_id=489\",\"name\":\"Mentions l\\u00e9gales &ndash; Atelier Lajosse - artisan maroquinier \\u00e0 Nantes\",\"isPartOf\":{\"@id\":\"https:\/\/atelierlajosse.fr\/#website\"},\"datePublished\":\"2020-10-19T12:19:20+00:00\",\"dateModified\":\"2020-10-29T12:33:59+00:00\",\"inLanguage\":\"fr-FR\",\"potentialAction\":[{\"@type\":\"ReadAction\",\"target\":[\"https:\/\/atelierlajosse.fr\/?page_id=489\"]}]}]}<\/script>\n<!-- \/ Yoast SEO plugin. -->","_links":{"self":[{"href":"https:\/\/atelierlajosse.fr\/index.php?rest_route=\/wp\/v2\/pages\/489"}],"collection":[{"href":"https:\/\/atelierlajosse.fr\/index.php?rest_route=\/wp\/v2\/pages"}],"about":[{"href":"https:\/\/atelierlajosse.fr\/index.php?rest_route=\/wp\/v2\/types\/page"}],"author":[{"embeddable":true,"href":"https:\/\/atelierlajosse.fr\/index.php?rest_route=\/wp\/v2\/users\/1"}],"replies":[{"embeddable":true,"href":"https:\/\/atelierlajosse.fr\/index.php?rest_route=%2Fwp%2Fv2%2Fcomments&post=489"}],"version-history":[{"count":6,"href":"https:\/\/atelierlajosse.fr\/index.php?rest_route=\/wp\/v2\/pages\/489\/revisions"}],"predecessor-version":[{"id":631,"href":"https:\/\/atelierlajosse.fr\/index.php?rest_route=\/wp\/v2\/pages\/489\/revisions\/631"}],"wp:attachment":[{"href":"https:\/\/atelierlajosse.fr\/index.php?rest_route=%2Fwp%2Fv2%2Fmedia&parent=489"}],"curies":[{"name":"wp","href":"https:\/\/api.w.org\/{rel}","templated":true}]}}