{"id":468,"date":"2020-10-19T12:43:09","date_gmt":"2020-10-19T10:43:09","guid":{"rendered":"http:\/\/atelierlajosse.fr\/?page_id=468"},"modified":"2022-02-10T18:42:48","modified_gmt":"2022-02-10T17:42:48","slug":"les-cartables","status":"publish","type":"page","link":"https:\/\/atelierlajosse.fr\/?page_id=468","title":{"rendered":"Cartables"},"content":{"rendered":"\n<p><\/p>\n\n\n\n<div class=\"wp-block-media-text alignwide is-stacked-on-mobile\"><figure class=\"wp-block-media-text__media\"><img loading=\"lazy\" width=\"1024\" height=\"768\" src=\"http:\/\/atelierlajosse.fr\/wp-content\/uploads\/2020\/10\/69201299_389578608425964_3438819067950006272_n-1024x768.jpg\" alt=\"\" class=\"wp-image-89 size-full\" srcset=\"https:\/\/atelierlajosse.fr\/wp-content\/uploads\/2020\/10\/69201299_389578608425964_3438819067950006272_n-1024x768.jpg 1024w, https:\/\/atelierlajosse.fr\/wp-content\/uploads\/2020\/10\/69201299_389578608425964_3438819067950006272_n-300x225.jpg 300w, https:\/\/atelierlajosse.fr\/wp-content\/uploads\/2020\/10\/69201299_389578608425964_3438819067950006272_n-768x576.jpg 768w, https:\/\/atelierlajosse.fr\/wp-content\/uploads\/2020\/10\/69201299_389578608425964_3438819067950006272_n.jpg 2048w\" sizes=\"(max-width: 1024px) 100vw, 1024px\" \/><\/figure><div class=\"wp-block-media-text__content\">\n<p class=\"has-large-font-size\"><a href=\"http:\/\/atelierlajosse.fr\/?p=86\" data-type=\"post\" data-id=\"86\">Cartable Tante Monique<\/a><\/p>\n<\/div><\/div>\n\n\n\n<div class=\"wp-block-media-text alignwide has-media-on-the-right is-stacked-on-mobile\"><figure class=\"wp-block-media-text__media\"><img loading=\"lazy\" width=\"1024\" height=\"768\" src=\"http:\/\/atelierlajosse.fr\/wp-content\/uploads\/2020\/10\/cartable-Marie-Clementine-1024x768.jpg\" alt=\"\" class=\"wp-image-131 size-full\" srcset=\"https:\/\/atelierlajosse.fr\/wp-content\/uploads\/2020\/10\/cartable-Marie-Clementine-1024x768.jpg 1024w, https:\/\/atelierlajosse.fr\/wp-content\/uploads\/2020\/10\/cartable-Marie-Clementine-300x225.jpg 300w, https:\/\/atelierlajosse.fr\/wp-content\/uploads\/2020\/10\/cartable-Marie-Clementine-768x576.jpg 768w, https:\/\/atelierlajosse.fr\/wp-content\/uploads\/2020\/10\/cartable-Marie-Clementine.jpg 1547w\" sizes=\"(max-width: 1024px) 100vw, 1024px\" \/><\/figure><div class=\"wp-block-media-text__content\">\n<p class=\"has-large-font-size\"><a href=\"http:\/\/atelierlajosse.fr\/?p=127\" data-type=\"post\" data-id=\"127\">Cartable Marie-Cl\u00e9mentine<\/a><\/p>\n<\/div><\/div>\n\n\n\n<div class=\"wp-block-media-text alignwide is-stacked-on-mobile\"><figure class=\"wp-block-media-text__media\"><img loading=\"lazy\" width=\"767\" height=\"1024\" src=\"http:\/\/atelierlajosse.fr\/wp-content\/uploads\/2020\/10\/116133593_2542438202732999_282502462405101984_o-767x1024.jpg\" alt=\"\" class=\"wp-image-130 size-full\" srcset=\"https:\/\/atelierlajosse.fr\/wp-content\/uploads\/2020\/10\/116133593_2542438202732999_282502462405101984_o-767x1024.jpg 767w, https:\/\/atelierlajosse.fr\/wp-content\/uploads\/2020\/10\/116133593_2542438202732999_282502462405101984_o-225x300.jpg 225w, https:\/\/atelierlajosse.fr\/wp-content\/uploads\/2020\/10\/116133593_2542438202732999_282502462405101984_o-768x1026.jpg 768w, https:\/\/atelierlajosse.fr\/wp-content\/uploads\/2020\/10\/116133593_2542438202732999_282502462405101984_o.jpg 1533w\" sizes=\"(max-width: 767px) 100vw, 767px\" \/><\/figure><div class=\"wp-block-media-text__content\">\n<p class=\"has-large-font-size\"><a href=\"http:\/\/atelierlajosse.fr\/?p=770\">Cartable Tattoo<\/a><\/p>\n<\/div><\/div>\n\n\n\n<div class=\"wp-block-media-text alignwide has-media-on-the-right is-stacked-on-mobile\"><figure class=\"wp-block-media-text__media\"><img loading=\"lazy\" width=\"537\" height=\"403\" src=\"http:\/\/atelierlajosse.fr\/wp-content\/uploads\/2022\/02\/cartable-masterclass-3.jpg\" alt=\"\" class=\"wp-image-940 size-full\" srcset=\"https:\/\/atelierlajosse.fr\/wp-content\/uploads\/2022\/02\/cartable-masterclass-3.jpg 537w, https:\/\/atelierlajosse.fr\/wp-content\/uploads\/2022\/02\/cartable-masterclass-3-300x225.jpg 300w\" sizes=\"(max-width: 537px) 100vw, 537px\" \/><\/figure><div class=\"wp-block-media-text__content\">\n<p class=\"has-large-font-size\"><a href=\"http:\/\/atelierlajosse.fr\/?p=947\">Master Class<\/a><\/p>\n<\/div><\/div>\n","protected":false},"excerpt":{"rendered":"<p>Cartable Tante Monique Cartable Marie-Cl\u00e9mentine Cartable Tattoo Master Class<\/p>\n","protected":false},"author":1,"featured_media":0,"parent":0,"menu_order":0,"comment_status":"closed","ping_status":"closed","template":"","meta":[],"yoast_head":"<!-- This site is optimized with the Yoast SEO plugin v15.1.1 - https:\/\/yoast.com\/wordpress\/plugins\/seo\/ -->\n<title>Cartables &ndash; Atelier Lajosse - artisan maroquinier \u00e0 Nantes<\/title>\n<meta name=\"description\" content=\"L&#039;atelier Lajosse, maroquinerie artisanale, con\u00e7oit et fabrique \u00e0 Nantes des cartables pratiques, solides, \u00e9l\u00e9gants et uniques, en stock ou sur commande.\" \/>\n<meta name=\"robots\" content=\"index, follow, max-snippet:-1, max-image-preview:large, max-video-preview:-1\" \/>\n<link rel=\"canonical\" href=\"https:\/\/atelierlajosse.fr\/?page_id=468\" \/>\n<meta property=\"og:locale\" content=\"fr_FR\" \/>\n<meta property=\"og:type\" content=\"article\" \/>\n<meta property=\"og:title\" content=\"Cartables &ndash; Atelier Lajosse - artisan maroquinier \u00e0 Nantes\" \/>\n<meta property=\"og:description\" content=\"L&#039;atelier Lajosse, maroquinerie artisanale, con\u00e7oit et fabrique \u00e0 Nantes des cartables pratiques, solides, \u00e9l\u00e9gants et uniques, en stock ou sur commande.\" \/>\n<meta property=\"og:url\" content=\"https:\/\/atelierlajosse.fr\/?page_id=468\" \/>\n<meta property=\"og:site_name\" content=\"Atelier Lajosse - artisan maroquinier \u00e0 Nantes\" \/>\n<meta property=\"article:modified_time\" content=\"2022-02-10T17:42:48+00:00\" \/>\n<meta property=\"og:image\" content=\"http:\/\/atelierlajosse.fr\/wp-content\/uploads\/2020\/10\/69201299_389578608425964_3438819067950006272_n-1024x768.jpg\" \/>\n<meta name=\"twitter:card\" content=\"summary_large_image\" \/>\n<script type=\"application\/ld+json\" class=\"yoast-schema-graph\">{\"@context\":\"https:\/\/schema.org\",\"@graph\":[{\"@type\":\"Organization\",\"@id\":\"https:\/\/atelierlajosse.fr\/#organization\",\"name\":\"Atelier Lajosse\",\"url\":\"https:\/\/atelierlajosse.fr\/\",\"sameAs\":[],\"logo\":{\"@type\":\"ImageObject\",\"@id\":\"https:\/\/atelierlajosse.fr\/#logo\",\"inLanguage\":\"fr-FR\",\"url\":\"https:\/\/atelierlajosse.fr\/wp-content\/uploads\/2020\/11\/logopetit.jpg\",\"width\":283,\"height\":283,\"caption\":\"Atelier Lajosse\"},\"image\":{\"@id\":\"https:\/\/atelierlajosse.fr\/#logo\"}},{\"@type\":\"WebSite\",\"@id\":\"https:\/\/atelierlajosse.fr\/#website\",\"url\":\"https:\/\/atelierlajosse.fr\/\",\"name\":\"Atelier Lajosse - artisan maroquinier \\u00e0 Nantes\",\"description\":\"Si tu roules ta bosse, va chez Lajosse !\",\"publisher\":{\"@id\":\"https:\/\/atelierlajosse.fr\/#organization\"},\"potentialAction\":[{\"@type\":\"SearchAction\",\"target\":\"https:\/\/atelierlajosse.fr\/?s={search_term_string}\",\"query-input\":\"required name=search_term_string\"}],\"inLanguage\":\"fr-FR\"},{\"@type\":\"ImageObject\",\"@id\":\"https:\/\/atelierlajosse.fr\/?page_id=468#primaryimage\",\"inLanguage\":\"fr-FR\",\"url\":\"http:\/\/atelierlajosse.fr\/wp-content\/uploads\/2020\/10\/69201299_389578608425964_3438819067950006272_n-1024x768.jpg\"},{\"@type\":\"WebPage\",\"@id\":\"https:\/\/atelierlajosse.fr\/?page_id=468#webpage\",\"url\":\"https:\/\/atelierlajosse.fr\/?page_id=468\",\"name\":\"Cartables &ndash; Atelier Lajosse - artisan maroquinier \\u00e0 Nantes\",\"isPartOf\":{\"@id\":\"https:\/\/atelierlajosse.fr\/#website\"},\"primaryImageOfPage\":{\"@id\":\"https:\/\/atelierlajosse.fr\/?page_id=468#primaryimage\"},\"datePublished\":\"2020-10-19T10:43:09+00:00\",\"dateModified\":\"2022-02-10T17:42:48+00:00\",\"description\":\"L'atelier Lajosse, maroquinerie artisanale, con\\u00e7oit et fabrique \\u00e0 Nantes des cartables pratiques, solides, \\u00e9l\\u00e9gants et uniques, en stock ou sur commande.\",\"inLanguage\":\"fr-FR\",\"potentialAction\":[{\"@type\":\"ReadAction\",\"target\":[\"https:\/\/atelierlajosse.fr\/?page_id=468\"]}]}]}<\/script>\n<!-- \/ Yoast SEO plugin. -->","_links":{"self":[{"href":"https:\/\/atelierlajosse.fr\/index.php?rest_route=\/wp\/v2\/pages\/468"}],"collection":[{"href":"https:\/\/atelierlajosse.fr\/index.php?rest_route=\/wp\/v2\/pages"}],"about":[{"href":"https:\/\/atelierlajosse.fr\/index.php?rest_route=\/wp\/v2\/types\/page"}],"author":[{"embeddable":true,"href":"https:\/\/atelierlajosse.fr\/index.php?rest_route=\/wp\/v2\/users\/1"}],"replies":[{"embeddable":true,"href":"https:\/\/atelierlajosse.fr\/index.php?rest_route=%2Fwp%2Fv2%2Fcomments&post=468"}],"version-history":[{"count":4,"href":"https:\/\/atelierlajosse.fr\/index.php?rest_route=\/wp\/v2\/pages\/468\/revisions"}],"predecessor-version":[{"id":951,"href":"https:\/\/atelierlajosse.fr\/index.php?rest_route=\/wp\/v2\/pages\/468\/revisions\/951"}],"wp:attachment":[{"href":"https:\/\/atelierlajosse.fr\/index.php?rest_route=%2Fwp%2Fv2%2Fmedia&parent=468"}],"curies":[{"name":"wp","href":"https:\/\/api.w.org\/{rel}","templated":true}]}}