{"id":34,"date":"2020-10-16T19:29:50","date_gmt":"2020-10-16T17:29:50","guid":{"rendered":"http:\/\/atelierlajosse.fr\/?page_id=34"},"modified":"2022-01-16T13:20:34","modified_gmt":"2022-01-16T12:20:34","slug":"maroquinerie-artisanale","status":"publish","type":"page","link":"https:\/\/atelierlajosse.fr\/","title":{"rendered":"Atelier de maroquinerie artisanale \u00e0 Nantes"},"content":{"rendered":"\n<figure class=\"wp-block-video\"><video controls poster=\"http:\/\/atelierlajosse.fr\/wp-content\/uploads\/2022\/01\/accueil-vide\u0301o.png\" preload=\"auto\" src=\"http:\/\/atelierlajosse.fr\/wp-content\/uploads\/2022\/01\/le-sacado-de-Bruno-V3-Haut-debit-eleve.mp4\" playsinline><\/video><\/figure>\n\n\n\n<div style=\"height:43px\" aria-hidden=\"true\" class=\"wp-block-spacer\"><\/div>\n\n\n\n<ul class=\"has-medium-font-size\"><li>Cr\u00e9ation sur-mesure d&rsquo;articles de voyage : sacs, sacoches, valises, cartables&#8230;<\/li><li>Cr\u00e9ations particuli\u00e8res : housses d&rsquo;instruments de musique, tabliers de cuirs, mallettes \u00e0 outils&#8230;<\/li><li>Petite maroquinerie : ceintures, trousses, portefeuilles, porte-cartes, porte-monnaie et \u00e9tuis en tous genres<\/li><li>Prototypage<\/li><li>Sous-traitance<\/li><li>R\u00e9parations<\/li><\/ul>\n\n\n\n<p class=\"has-text-align-center has-medium-font-size\">Toutes les cr\u00e9ations sur-mesure sont des pi\u00e8ces uniques ou en s\u00e9rie limit\u00e9e. <\/p>\n\n\n\n<p class=\"has-text-align-center has-medium-font-size\">Bienvenue chez Lajosse !<\/p>\n\n\n\n<p class=\"has-medium-font-size\"><\/p>\n","protected":false},"excerpt":{"rendered":"<p>Cr\u00e9ation sur-mesure d&rsquo;articles de voyage : sacs, sacoches, valises, cartables&#8230; Cr\u00e9ations particuli\u00e8res : housses d&rsquo;instruments de musique, tabliers de cuirs, mallettes \u00e0 outils&#8230; Petite maroquinerie : ceintures, trousses, portefeuilles, porte-cartes, porte-monnaie et \u00e9tuis en tous genres Prototypage Sous-traitance R\u00e9parations Toutes les cr\u00e9ations sur-mesure sont des pi\u00e8ces uniques ou en s\u00e9rie limit\u00e9e. Bienvenue chez Lajosse !<\/p>\n","protected":false},"author":1,"featured_media":0,"parent":0,"menu_order":0,"comment_status":"closed","ping_status":"closed","template":"","meta":[],"yoast_head":"<!-- This site is optimized with the Yoast SEO plugin v15.1.1 - https:\/\/yoast.com\/wordpress\/plugins\/seo\/ -->\n<title>Atelier de maroquinerie artisanale \u00e0 Nantes &ndash; Atelier Lajosse - artisan maroquinier \u00e0 Nantes<\/title>\n<meta name=\"description\" content=\"\u00c0 Nantes, l&#039;Atelier Lajosse cr\u00e9e et r\u00e9alise des articles de maroquinerie artisanale uniques et originaux, en &quot;pr\u00eat-\u00e0-porter&quot; ou sur commande\" \/>\n<meta name=\"robots\" content=\"index, follow, max-snippet:-1, max-image-preview:large, max-video-preview:-1\" \/>\n<link rel=\"canonical\" href=\"https:\/\/atelierlajosse.fr\/\" \/>\n<meta property=\"og:locale\" content=\"fr_FR\" \/>\n<meta property=\"og:type\" content=\"article\" \/>\n<meta property=\"og:title\" content=\"Atelier de maroquinerie artisanale \u00e0 Nantes &ndash; Atelier Lajosse - artisan maroquinier \u00e0 Nantes\" \/>\n<meta property=\"og:description\" content=\"\u00c0 Nantes, l&#039;Atelier Lajosse cr\u00e9e et r\u00e9alise des articles de maroquinerie artisanale uniques et originaux, en &quot;pr\u00eat-\u00e0-porter&quot; ou sur commande\" \/>\n<meta property=\"og:url\" content=\"https:\/\/atelierlajosse.fr\/\" \/>\n<meta property=\"og:site_name\" content=\"Atelier Lajosse - artisan maroquinier \u00e0 Nantes\" \/>\n<meta property=\"article:modified_time\" content=\"2022-01-16T12:20:34+00:00\" \/>\n<meta name=\"twitter:card\" content=\"summary_large_image\" \/>\n<script type=\"application\/ld+json\" class=\"yoast-schema-graph\">{\"@context\":\"https:\/\/schema.org\",\"@graph\":[{\"@type\":\"Organization\",\"@id\":\"https:\/\/atelierlajosse.fr\/#organization\",\"name\":\"Atelier Lajosse\",\"url\":\"https:\/\/atelierlajosse.fr\/\",\"sameAs\":[],\"logo\":{\"@type\":\"ImageObject\",\"@id\":\"https:\/\/atelierlajosse.fr\/#logo\",\"inLanguage\":\"fr-FR\",\"url\":\"https:\/\/atelierlajosse.fr\/wp-content\/uploads\/2020\/11\/logopetit.jpg\",\"width\":283,\"height\":283,\"caption\":\"Atelier Lajosse\"},\"image\":{\"@id\":\"https:\/\/atelierlajosse.fr\/#logo\"}},{\"@type\":\"WebSite\",\"@id\":\"https:\/\/atelierlajosse.fr\/#website\",\"url\":\"https:\/\/atelierlajosse.fr\/\",\"name\":\"Atelier Lajosse - artisan maroquinier \\u00e0 Nantes\",\"description\":\"Si tu roules ta bosse, va chez Lajosse !\",\"publisher\":{\"@id\":\"https:\/\/atelierlajosse.fr\/#organization\"},\"potentialAction\":[{\"@type\":\"SearchAction\",\"target\":\"https:\/\/atelierlajosse.fr\/?s={search_term_string}\",\"query-input\":\"required name=search_term_string\"}],\"inLanguage\":\"fr-FR\"},{\"@type\":\"WebPage\",\"@id\":\"https:\/\/atelierlajosse.fr\/#webpage\",\"url\":\"https:\/\/atelierlajosse.fr\/\",\"name\":\"Atelier de maroquinerie artisanale \\u00e0 Nantes &ndash; Atelier Lajosse - artisan maroquinier \\u00e0 Nantes\",\"isPartOf\":{\"@id\":\"https:\/\/atelierlajosse.fr\/#website\"},\"datePublished\":\"2020-10-16T17:29:50+00:00\",\"dateModified\":\"2022-01-16T12:20:34+00:00\",\"description\":\"\\u00c0 Nantes, l'Atelier Lajosse cr\\u00e9e et r\\u00e9alise des articles de maroquinerie artisanale uniques et originaux, en \\\"pr\\u00eat-\\u00e0-porter\\\" ou sur commande\",\"inLanguage\":\"fr-FR\",\"potentialAction\":[{\"@type\":\"ReadAction\",\"target\":[\"https:\/\/atelierlajosse.fr\/\"]}]}]}<\/script>\n<!-- \/ Yoast SEO plugin. -->","_links":{"self":[{"href":"https:\/\/atelierlajosse.fr\/index.php?rest_route=\/wp\/v2\/pages\/34"}],"collection":[{"href":"https:\/\/atelierlajosse.fr\/index.php?rest_route=\/wp\/v2\/pages"}],"about":[{"href":"https:\/\/atelierlajosse.fr\/index.php?rest_route=\/wp\/v2\/types\/page"}],"author":[{"embeddable":true,"href":"https:\/\/atelierlajosse.fr\/index.php?rest_route=\/wp\/v2\/users\/1"}],"replies":[{"embeddable":true,"href":"https:\/\/atelierlajosse.fr\/index.php?rest_route=%2Fwp%2Fv2%2Fcomments&post=34"}],"version-history":[{"count":16,"href":"https:\/\/atelierlajosse.fr\/index.php?rest_route=\/wp\/v2\/pages\/34\/revisions"}],"predecessor-version":[{"id":902,"href":"https:\/\/atelierlajosse.fr\/index.php?rest_route=\/wp\/v2\/pages\/34\/revisions\/902"}],"wp:attachment":[{"href":"https:\/\/atelierlajosse.fr\/index.php?rest_route=%2Fwp%2Fv2%2Fmedia&parent=34"}],"curies":[{"name":"wp","href":"https:\/\/api.w.org\/{rel}","templated":true}]}}