{"id":12,"date":"2020-10-16T00:28:11","date_gmt":"2020-10-15T22:28:11","guid":{"rendered":"http:\/\/atelierlajosse.fr\/?page_id=12"},"modified":"2020-11-05T22:24:30","modified_gmt":"2020-11-05T21:24:30","slug":"a-propos","status":"publish","type":"page","link":"https:\/\/atelierlajosse.fr\/?page_id=12","title":{"rendered":"\u00c0 propos"},"content":{"rendered":"\n<h3>\nC&rsquo;est quoi, l&rsquo;Atelier\nLajosse&nbsp;?<\/h3>\n\n\n\n<p>Avant de fonder l&rsquo;Atelier Lajosse en 2018, j&rsquo;ai v\u00e9cu une longue et passionnante carri\u00e8re d&rsquo;artiste de th\u00e9\u00e2tre de rue, pendant laquelle j&rsquo;ai \u00e9t\u00e9, tour \u00e0 tour et en m\u00eame temps (c&rsquo;est selon et vice et versa), com\u00e9dien, d\u00e9corateur, inventeurs de machines \u00ab&nbsp;folles&nbsp;\u00bb, d&rsquo;effets sp\u00e9ciaux, d&rsquo;accessoires&#8230;<\/p>\n\n\n\n<p>J&rsquo;aimais ce m\u00e9tier o\u00f9, pour tirer son \u00e9pingle du jeu, il valait mieux avoir de multiples savoir-faire qu&rsquo;\u00eatre sp\u00e9cialis\u00e9 dans un seul domaine.<\/p>\n\n\n\n<p>J&rsquo;aimais surtout le sens de la d\u00e9brouille dont il fallait faire preuve pour compenser le manque de moyens, et j&rsquo;abhorrais l&rsquo;id\u00e9e que ce manque de moyens puisse servir d&rsquo;excuse face aux critiques.<\/p>\n\n\n\n<p>Pour faire un beau spectacle, il fallait donner le meilleur de soi-m\u00eame, un point c&rsquo;est tout&nbsp;!<\/p>\n\n\n\n<p>Et par dessus tout, j&rsquo;aimais cette vie d&rsquo;atelier, l\u00e0 o\u00f9 le champ des possibles est infini, pourvu qu&rsquo;il y ait de la mati\u00e8re \u00e0 transformer&nbsp;.<\/p>\n\n\n\n<p>Puis vint cette ann\u00e9e de formation en maroquinerie artisanale \u00e0 l&rsquo;AFPA de Cholet (2017). J&rsquo;y ai surtout appris que cette id\u00e9e \u2013 courante chez les techniciens du th\u00e9\u00e2tre \u2013 selon laquelle \u00ab&nbsp;<em>au del\u00e0 de 4 m\u00e8tres, les d\u00e9tails ne se voient pas<\/em>&nbsp;\u00bb (autorisant de fait certains d\u00e9fauts de fabrication) serait dor\u00e9navant bannie, proscrite, interdite et punie de la peine de mort dans le cadre de mon nouveau m\u00e9tier&nbsp;!<\/p>\n\n\n\n<p>La maroquinerie, c&rsquo;est la pr\u00e9cision. Le sens du d\u00e9tail. Chaque point de couture a son importance, chaque petit coup de scalpel p\u00e8se, et ne pas tenir compte de l&rsquo;\u00e9paisseur infinit\u00e9simale de sa lame est une faute professionnelle impardonnable&nbsp;!<\/p>\n\n\n\n<p>Et pourtant&#8230; La connaissance des bases techniques ne suffit pas pour pr\u00e9tendre \u00eatre un bon maroquinier. Ce serait d\u00e9nier \u00e0 la mati\u00e8re \u00ab&nbsp;cuir&nbsp;\u00bb son caract\u00e8re vivant et l&rsquo;infinit\u00e9 de ses textures. Il n&rsquo;y a jamais deux peaux identiques, tout comme il n&rsquo;y a pas deux arbres identiques dans ce monde .<\/p>\n\n\n\n<p>Tout l&rsquo;art de la maroquinerie consiste \u00e0 savoir adapter sa technique \u00e0 la particularit\u00e9 de la peau.<\/p>\n\n\n\n<p>C&rsquo;est parfois une bagarre&nbsp;: la peau est belle, mais r\u00e9ticente. Elle refuse le parage, ou les petites aiguilles, ou le joint\u00e9-retourn\u00e9 la fait craquer&#8230; Il faut donc trouver d&rsquo;autres solutions que celles envisag\u00e9es au pr\u00e9alable.<\/p>\n\n\n\n<p>C&rsquo;est bien tout cela qui fait de la maroquinerie, et du travail du cuir en g\u00e9n\u00e9ral, une discipline passionnante et pleine de promesses.<\/p>\n\n\n\n<p>Jocelyn\nVerbraeken<\/p>\n\n\n\n<br><div class=\"wp-block-image\"><figure class=\"aligncenter\"><img loading=\"lazy\" width=\"500\" height=\"375\" src=\"http:\/\/atelierlajosse.fr\/wp-content\/uploads\/2020\/10\/sacalu.jpg\" alt=\"\" class=\"wp-image-13\" srcset=\"https:\/\/atelierlajosse.fr\/wp-content\/uploads\/2020\/10\/sacalu.jpg 500w, https:\/\/atelierlajosse.fr\/wp-content\/uploads\/2020\/10\/sacalu-300x225.jpg 300w, https:\/\/atelierlajosse.fr\/wp-content\/uploads\/2020\/10\/sacalu-80x60.jpg 80w\" sizes=\"(max-width: 500px) 100vw, 500px\" \/><figcaption>Le Sacalu, mon premier sac \u00e0 main (La Quincaillerie Parpassanton, Cirkatomik, 1999)<\/figcaption><\/figure><\/div>\n\n\n\n<p class=\"has-background\" style=\"background-color:#c1c1c1\">Je n&rsquo;utilise que des cuirs de porcs, bovins, ovins, caprins&#8230; provenant d&rsquo;\u00e9levages destin\u00e9s \u00e0 l&rsquo;alimentaire.<br><br>Pas de galuchat, pas de serpent, pas de crocodile, ni de renard&#8230; ni aucune peau provenant d&rsquo;animaux \u00e9lev\u00e9s ou pr\u00e9lev\u00e9s dans la nature uniquement pour fournir l&rsquo;industrie du cuir.<br><br>Je r\u00e9alise chaque pi\u00e8ce dans son int\u00e9gralit\u00e9&nbsp;: croquis et dessins, choix du cuir, patronage, coupe, encollage, assemblage et couture. Toutes les pi\u00e8ces sont uniques, ou en petite s\u00e9rie.<\/p>\n","protected":false},"excerpt":{"rendered":"<p>C&rsquo;est quoi, l&rsquo;Atelier Lajosse&nbsp;? Avant de fonder l&rsquo;Atelier Lajosse en 2018, j&rsquo;ai v\u00e9cu une longue et passionnante carri\u00e8re d&rsquo;artiste de th\u00e9\u00e2tre de rue, pendant laquelle j&rsquo;ai \u00e9t\u00e9, tour \u00e0 tour et en m\u00eame temps (c&rsquo;est selon et vice et versa), com\u00e9dien, d\u00e9corateur, inventeurs de machines \u00ab&nbsp;folles&nbsp;\u00bb, d&rsquo;effets sp\u00e9ciaux, d&rsquo;accessoires&#8230; J&rsquo;aimais ce m\u00e9tier o\u00f9, pour tirer [&hellip;]<\/p>\n","protected":false},"author":1,"featured_media":666,"parent":0,"menu_order":0,"comment_status":"closed","ping_status":"closed","template":"","meta":[],"yoast_head":"<!-- This site is optimized with the Yoast SEO plugin v15.1.1 - https:\/\/yoast.com\/wordpress\/plugins\/seo\/ -->\n<title>\u00c0 propos &ndash; Atelier Lajosse - artisan maroquinier \u00e0 Nantes<\/title>\n<meta name=\"robots\" content=\"index, follow, max-snippet:-1, max-image-preview:large, max-video-preview:-1\" \/>\n<link rel=\"canonical\" href=\"https:\/\/atelierlajosse.fr\/?page_id=12\" \/>\n<meta property=\"og:locale\" content=\"fr_FR\" \/>\n<meta property=\"og:type\" content=\"article\" \/>\n<meta property=\"og:title\" content=\"\u00c0 propos &ndash; Atelier Lajosse - artisan maroquinier \u00e0 Nantes\" \/>\n<meta property=\"og:description\" content=\"C&rsquo;est quoi, l&rsquo;Atelier Lajosse&nbsp;? Avant de fonder l&rsquo;Atelier Lajosse en 2018, j&rsquo;ai v\u00e9cu une longue et passionnante carri\u00e8re d&rsquo;artiste de th\u00e9\u00e2tre de rue, pendant laquelle j&rsquo;ai \u00e9t\u00e9, tour \u00e0 tour et en m\u00eame temps (c&rsquo;est selon et vice et versa), com\u00e9dien, d\u00e9corateur, inventeurs de machines \u00ab&nbsp;folles&nbsp;\u00bb, d&rsquo;effets sp\u00e9ciaux, d&rsquo;accessoires&#8230; J&rsquo;aimais ce m\u00e9tier o\u00f9, pour tirer [&hellip;]\" \/>\n<meta property=\"og:url\" content=\"https:\/\/atelierlajosse.fr\/?page_id=12\" \/>\n<meta property=\"og:site_name\" content=\"Atelier Lajosse - artisan maroquinier \u00e0 Nantes\" \/>\n<meta property=\"article:modified_time\" content=\"2020-11-05T21:24:30+00:00\" \/>\n<meta property=\"og:image\" content=\"https:\/\/atelierlajosse.fr\/wp-content\/uploads\/2020\/11\/jocelyn2-e1604612832542.jpg\" \/>\n\t<meta property=\"og:image:width\" content=\"1134\" \/>\n\t<meta property=\"og:image:height\" content=\"646\" \/>\n<meta name=\"twitter:card\" content=\"summary_large_image\" \/>\n<script type=\"application\/ld+json\" class=\"yoast-schema-graph\">{\"@context\":\"https:\/\/schema.org\",\"@graph\":[{\"@type\":\"Organization\",\"@id\":\"https:\/\/atelierlajosse.fr\/#organization\",\"name\":\"Atelier Lajosse\",\"url\":\"https:\/\/atelierlajosse.fr\/\",\"sameAs\":[],\"logo\":{\"@type\":\"ImageObject\",\"@id\":\"https:\/\/atelierlajosse.fr\/#logo\",\"inLanguage\":\"fr-FR\",\"url\":\"https:\/\/atelierlajosse.fr\/wp-content\/uploads\/2020\/11\/logopetit.jpg\",\"width\":283,\"height\":283,\"caption\":\"Atelier Lajosse\"},\"image\":{\"@id\":\"https:\/\/atelierlajosse.fr\/#logo\"}},{\"@type\":\"WebSite\",\"@id\":\"https:\/\/atelierlajosse.fr\/#website\",\"url\":\"https:\/\/atelierlajosse.fr\/\",\"name\":\"Atelier Lajosse - artisan maroquinier \\u00e0 Nantes\",\"description\":\"Si tu roules ta bosse, va chez Lajosse !\",\"publisher\":{\"@id\":\"https:\/\/atelierlajosse.fr\/#organization\"},\"potentialAction\":[{\"@type\":\"SearchAction\",\"target\":\"https:\/\/atelierlajosse.fr\/?s={search_term_string}\",\"query-input\":\"required name=search_term_string\"}],\"inLanguage\":\"fr-FR\"},{\"@type\":\"ImageObject\",\"@id\":\"https:\/\/atelierlajosse.fr\/?page_id=12#primaryimage\",\"inLanguage\":\"fr-FR\",\"url\":\"https:\/\/atelierlajosse.fr\/wp-content\/uploads\/2020\/11\/jocelyn2-e1604612832542.jpg\",\"width\":1134,\"height\":646},{\"@type\":\"WebPage\",\"@id\":\"https:\/\/atelierlajosse.fr\/?page_id=12#webpage\",\"url\":\"https:\/\/atelierlajosse.fr\/?page_id=12\",\"name\":\"\\u00c0 propos &ndash; Atelier Lajosse - artisan maroquinier \\u00e0 Nantes\",\"isPartOf\":{\"@id\":\"https:\/\/atelierlajosse.fr\/#website\"},\"primaryImageOfPage\":{\"@id\":\"https:\/\/atelierlajosse.fr\/?page_id=12#primaryimage\"},\"datePublished\":\"2020-10-15T22:28:11+00:00\",\"dateModified\":\"2020-11-05T21:24:30+00:00\",\"inLanguage\":\"fr-FR\",\"potentialAction\":[{\"@type\":\"ReadAction\",\"target\":[\"https:\/\/atelierlajosse.fr\/?page_id=12\"]}]}]}<\/script>\n<!-- \/ Yoast SEO plugin. -->","_links":{"self":[{"href":"https:\/\/atelierlajosse.fr\/index.php?rest_route=\/wp\/v2\/pages\/12"}],"collection":[{"href":"https:\/\/atelierlajosse.fr\/index.php?rest_route=\/wp\/v2\/pages"}],"about":[{"href":"https:\/\/atelierlajosse.fr\/index.php?rest_route=\/wp\/v2\/types\/page"}],"author":[{"embeddable":true,"href":"https:\/\/atelierlajosse.fr\/index.php?rest_route=\/wp\/v2\/users\/1"}],"replies":[{"embeddable":true,"href":"https:\/\/atelierlajosse.fr\/index.php?rest_route=%2Fwp%2Fv2%2Fcomments&post=12"}],"version-history":[{"count":15,"href":"https:\/\/atelierlajosse.fr\/index.php?rest_route=\/wp\/v2\/pages\/12\/revisions"}],"predecessor-version":[{"id":667,"href":"https:\/\/atelierlajosse.fr\/index.php?rest_route=\/wp\/v2\/pages\/12\/revisions\/667"}],"wp:featuredmedia":[{"embeddable":true,"href":"https:\/\/atelierlajosse.fr\/index.php?rest_route=\/wp\/v2\/media\/666"}],"wp:attachment":[{"href":"https:\/\/atelierlajosse.fr\/index.php?rest_route=%2Fwp%2Fv2%2Fmedia&parent=12"}],"curies":[{"name":"wp","href":"https:\/\/api.w.org\/{rel}","templated":true}]}}